{"id":3240,"date":"2022-08-10T09:25:42","date_gmt":"2022-08-10T12:25:42","guid":{"rendered":"https:\/\/sisdia.df.gov.br\/home\/?page_id=3240"},"modified":"2022-09-01T17:06:38","modified_gmt":"2022-09-01T20:06:38","slug":"evento-20-anos-zee-nacional","status":"publish","type":"page","link":"https:\/\/sisdia.df.gov.br\/home\/evento-20-anos-zee-nacional\/","title":{"rendered":"P\u00e1gina de inscri\u00e7\u00e3o para o evento de 20 anos do ZEE nacional"},"content":{"rendered":"<p>[et_pb_section fb_built=&#8221;1&#8243; fullwidth=&#8221;on&#8221; _builder_version=&#8221;4.9.1&#8243; _module_preset=&#8221;default&#8221; da_disable_devices=&#8221;off|off|off&#8221; da_is_popup=&#8221;off&#8221; da_exit_intent=&#8221;off&#8221; da_has_close=&#8221;on&#8221; da_alt_close=&#8221;off&#8221; da_dark_close=&#8221;off&#8221; da_not_modal=&#8221;on&#8221; da_is_singular=&#8221;off&#8221; da_with_loader=&#8221;off&#8221; da_has_shadow=&#8221;on&#8221;][et_pb_fullwidth_image src=&#8221;https:\/\/sisdia.df.gov.br\/home\/wp-content\/uploads\/2022\/09\/20-anos-do-ZEE-nacional-3-1-1-e1662062536120.png&#8221; title_text=&#8221;20 anos do ZEE nacional (3) (1) (1)&#8221; _builder_version=&#8221;4.9.1&#8243; _module_preset=&#8221;default&#8221; hover_enabled=&#8221;0&#8243; sticky_enabled=&#8221;0&#8243;][\/et_pb_fullwidth_image][\/et_pb_section][et_pb_section fb_built=&#8221;1&#8243; _builder_version=&#8221;4.9.1&#8243; _module_preset=&#8221;default&#8221; background_color=&#8221;#f9f8ee&#8221; da_disable_devices=&#8221;off|off|off&#8221; da_is_popup=&#8221;off&#8221; da_exit_intent=&#8221;off&#8221; da_has_close=&#8221;on&#8221; da_alt_close=&#8221;off&#8221; da_dark_close=&#8221;off&#8221; da_not_modal=&#8221;on&#8221; da_is_singular=&#8221;off&#8221; da_with_loader=&#8221;off&#8221; da_has_shadow=&#8221;on&#8221;][et_pb_row _builder_version=&#8221;4.9.1&#8243; _module_preset=&#8221;default&#8221;][et_pb_column type=&#8221;4_4&#8243; _builder_version=&#8221;4.9.1&#8243; _module_preset=&#8221;default&#8221;][et_pb_code _builder_version=&#8221;4.9.1&#8243; _module_preset=&#8221;default&#8221; custom_css_main_element=&#8221;display: flex;|| align-items: center;|| justify-content: center;&#8221;]<iframe loading=\"lazy\" src=\"https:\/\/docs.google.com\/forms\/d\/e\/1FAIpQLSfZNql_WkHhV7R5Q7gsXm9ZxxvUd2VGYuyKhiH52hVwbeTpjg\/viewform?embedded=true\" width=\"640\" height=\"873\" frameborder=\"0\" marginwidth=\"0\" marginheight=\"0\">Carregando\u2026<\/iframe>[\/et_pb_code][\/et_pb_column][\/et_pb_row][\/et_pb_section]<\/p>\n","protected":false},"excerpt":{"rendered":"<p>[et_pb_section fb_built=&#8221;1&#8243; fullwidth=&#8221;on&#8221; _builder_version=&#8221;4.9.1&#8243; _module_preset=&#8221;default&#8221; da_disable_devices=&#8221;off|off|off&#8221; da_is_popup=&#8221;off&#8221; da_exit_intent=&#8221;off&#8221; da_has_close=&#8221;on&#8221; da_alt_close=&#8221;off&#8221; da_dark_close=&#8221;off&#8221; da_not_modal=&#8221;on&#8221; da_is_singular=&#8221;off&#8221; da_with_loader=&#8221;off&#8221; da_has_shadow=&#8221;on&#8221;][et_pb_fullwidth_image src=&#8221;https:\/\/sisdia.df.gov.br\/home\/wp-content\/uploads\/2022\/09\/20-anos-do-ZEE-nacional-3-1-1-e1662062536120.png&#8221; title_text=&#8221;20 anos do ZEE nacional (3) (1) (1)&#8221; _builder_version=&#8221;4.9.1&#8243; _module_preset=&#8221;default&#8221; hover_enabled=&#8221;0&#8243; sticky_enabled=&#8221;0&#8243;][\/et_pb_fullwidth_image][\/et_pb_section][et_pb_section fb_built=&#8221;1&#8243; _builder_version=&#8221;4.9.1&#8243; _module_preset=&#8221;default&#8221; background_color=&#8221;#f9f8ee&#8221; da_disable_devices=&#8221;off|off|off&#8221; da_is_popup=&#8221;off&#8221; da_exit_intent=&#8221;off&#8221; da_has_close=&#8221;on&#8221; da_alt_close=&#8221;off&#8221; da_dark_close=&#8221;off&#8221; da_not_modal=&#8221;on&#8221; da_is_singular=&#8221;off&#8221; da_with_loader=&#8221;off&#8221; da_has_shadow=&#8221;on&#8221;][et_pb_row _builder_version=&#8221;4.9.1&#8243; _module_preset=&#8221;default&#8221;][et_pb_column type=&#8221;4_4&#8243; _builder_version=&#8221;4.9.1&#8243; _module_preset=&#8221;default&#8221;][et_pb_code _builder_version=&#8221;4.9.1&#8243; _module_preset=&#8221;default&#8221; custom_css_main_element=&#8221;display: flex;|| align-items: center;|| justify-content: center;&#8221;]Carregando\u2026[\/et_pb_code][\/et_pb_column][\/et_pb_row][\/et_pb_section]<\/p>\n","protected":false},"author":8,"featured_media":0,"parent":0,"menu_order":0,"comment_status":"closed","ping_status":"closed","template":"","meta":{"_et_pb_use_builder":"on","_et_pb_old_content":"","_et_gb_content_width":"","footnotes":""},"yoast_head":"<!-- This site is optimized with the Yoast SEO plugin v16.8 - https:\/\/yoast.com\/wordpress\/plugins\/seo\/ -->\r\n<title>{WPSTG_NULL}<\/title>\r\n<meta name=\"description\" content=\"{WPSTG_NULL}\" \/>\r\n<meta name=\"robots\" content=\"index, follow, max-snippet:-1, max-image-preview:large, max-video-preview:-1\" \/>\r\n<link rel=\"canonical\" href=\"http:\/\/WPSTG_NULL\" \/>\r\n<meta property=\"og:locale\" content=\"pt_BR\" \/>\r\n<meta property=\"og:type\" content=\"article\" \/>\r\n<meta property=\"og:title\" content=\"{WPSTG_NULL}\" \/>\r\n<meta property=\"og:description\" content=\"{WPSTG_NULL}\" \/>\r\n<meta property=\"og:url\" content=\"{WPSTG_NULL}\" \/>\r\n<meta property=\"og:site_name\" content=\"SISDIA\" \/>\r\n<meta property=\"article:modified_time\" content=\"2022-09-01T20:06:38+00:00\" \/>\r\n<meta name=\"twitter:card\" content=\"summary_large_image\" \/>\r\n<meta name=\"twitter:title\" content=\"{WPSTG_NULL}\" \/>\r\n<meta name=\"twitter:description\" content=\"{WPSTG_NULL}\" \/>\r\n<meta name=\"twitter:label1\" content=\"Est. tempo de leitura\" \/>\n\t<meta name=\"twitter:data1\" content=\"1 minuto\" \/>\r\n<script type=\"application\/ld+json\" class=\"yoast-schema-graph\">{\"@context\":\"https:\/\/schema.org\",\"@graph\":[{\"@type\":\"WebSite\",\"@id\":\"https:\/\/sisdia.df.gov.br\/home\/#website\",\"url\":\"https:\/\/sisdia.df.gov.br\/home\/\",\"name\":\"SISDIA\",\"description\":\"Sistema Distrital de Informa\\u00e7\\u00f5es Ambientais\",\"potentialAction\":[{\"@type\":\"SearchAction\",\"target\":{\"@type\":\"EntryPoint\",\"urlTemplate\":\"https:\/\/sisdia.df.gov.br\/home\/?s={search_term_string}\"},\"query-input\":\"required name=search_term_string\"}],\"inLanguage\":\"pt-BR\"},{\"@type\":[\"WebPage\",\"{WPSTG_NULL}\"],\"@id\":\"{WPSTG_NULL}#webpage\",\"url\":\"{WPSTG_NULL}\",\"name\":\"{WPSTG_NULL}\",\"isPartOf\":{\"@id\":\"https:\/\/sisdia.df.gov.br\/home\/#website\"},\"datePublished\":\"2022-08-10T12:25:42+00:00\",\"dateModified\":\"2022-09-01T20:06:38+00:00\",\"description\":\"{WPSTG_NULL}\",\"breadcrumb\":{\"@id\":\"{WPSTG_NULL}#breadcrumb\"},\"inLanguage\":\"pt-BR\",\"potentialAction\":[{\"@type\":\"ReadAction\",\"target\":[\"{WPSTG_NULL}\"]}]},{\"@type\":\"BreadcrumbList\",\"@id\":\"{WPSTG_NULL}#breadcrumb\",\"itemListElement\":[{\"@type\":\"ListItem\",\"position\":1,\"name\":\"In\\u00edcio\",\"item\":\"https:\/\/sisdia.df.gov.br\/home\/\"},{\"@type\":\"ListItem\",\"position\":2,\"name\":\"P\\u00e1gina de inscri\\u00e7\\u00e3o para o evento de 20 anos do ZEE nacional\"}]},{\"@type\":\"Person\",\"@id\":\"https:\/\/sisdia.df.gov.br\/home\/#\/schema\/person\/8a0c5816e99a14b62dbce4f6bc812e6c\",\"name\":\"sisdia\",\"url\":\"https:\/\/sisdia.df.gov.br\/home\/author\/sisdia\/\"}]}<\/script>\r\n<!-- \/ Yoast SEO plugin. -->","yoast_head_json":{"title":"{WPSTG_NULL}","description":"{WPSTG_NULL}","robots":{"index":"index","follow":"follow","max-snippet":"max-snippet:-1","max-image-preview":"max-image-preview:large","max-video-preview":"max-video-preview:-1"},"canonical":"{WPSTG_NULL}","og_locale":"pt_BR","og_type":"article","og_title":"{WPSTG_NULL}","og_description":"{WPSTG_NULL}","og_url":"{WPSTG_NULL}","og_site_name":"SISDIA","article_modified_time":"2022-09-01T20:06:38+00:00","twitter_card":"summary_large_image","twitter_title":"{WPSTG_NULL}","twitter_description":"{WPSTG_NULL}","twitter_misc":{"Est. tempo de leitura":"1 minuto"},"schema":{"@context":"https:\/\/schema.org","@graph":[{"@type":"WebSite","@id":"https:\/\/sisdia.df.gov.br\/home\/#website","url":"https:\/\/sisdia.df.gov.br\/home\/","name":"SISDIA","description":"Sistema Distrital de Informa\u00e7\u00f5es Ambientais","potentialAction":[{"@type":"SearchAction","target":{"@type":"EntryPoint","urlTemplate":"https:\/\/sisdia.df.gov.br\/home\/?s={search_term_string}"},"query-input":"required name=search_term_string"}],"inLanguage":"pt-BR"},{"@type":["WebPage","{WPSTG_NULL}"],"@id":"{WPSTG_NULL}#webpage","url":"{WPSTG_NULL}","name":"{WPSTG_NULL}","isPartOf":{"@id":"https:\/\/sisdia.df.gov.br\/home\/#website"},"datePublished":"2022-08-10T12:25:42+00:00","dateModified":"2022-09-01T20:06:38+00:00","description":"{WPSTG_NULL}","breadcrumb":{"@id":"{WPSTG_NULL}#breadcrumb"},"inLanguage":"pt-BR","potentialAction":[{"@type":"ReadAction","target":["{WPSTG_NULL}"]}]},{"@type":"BreadcrumbList","@id":"{WPSTG_NULL}#breadcrumb","itemListElement":[{"@type":"ListItem","position":1,"name":"In\u00edcio","item":"https:\/\/sisdia.df.gov.br\/home\/"},{"@type":"ListItem","position":2,"name":"P\u00e1gina de inscri\u00e7\u00e3o para o evento de 20 anos do ZEE nacional"}]},{"@type":"Person","@id":"https:\/\/sisdia.df.gov.br\/home\/#\/schema\/person\/8a0c5816e99a14b62dbce4f6bc812e6c","name":"sisdia","url":"https:\/\/sisdia.df.gov.br\/home\/author\/sisdia\/"}]}},"_links":{"self":[{"href":"https:\/\/sisdia.df.gov.br\/home\/wp-json\/wp\/v2\/pages\/3240"}],"collection":[{"href":"https:\/\/sisdia.df.gov.br\/home\/wp-json\/wp\/v2\/pages"}],"about":[{"href":"https:\/\/sisdia.df.gov.br\/home\/wp-json\/wp\/v2\/types\/page"}],"author":[{"embeddable":true,"href":"https:\/\/sisdia.df.gov.br\/home\/wp-json\/wp\/v2\/users\/8"}],"replies":[{"embeddable":true,"href":"https:\/\/sisdia.df.gov.br\/home\/wp-json\/wp\/v2\/comments?post=3240"}],"version-history":[{"count":9,"href":"https:\/\/sisdia.df.gov.br\/home\/wp-json\/wp\/v2\/pages\/3240\/revisions"}],"predecessor-version":[{"id":3295,"href":"https:\/\/sisdia.df.gov.br\/home\/wp-json\/wp\/v2\/pages\/3240\/revisions\/3295"}],"wp:attachment":[{"href":"https:\/\/sisdia.df.gov.br\/home\/wp-json\/wp\/v2\/media?parent=3240"}],"curies":[{"name":"wp","href":"https:\/\/api.w.org\/{rel}","templated":true}]}}